{"id":48,"date":"2019-09-19T00:14:58","date_gmt":"2019-09-18T22:14:58","guid":{"rendered":"http:\/\/www.nibelungenlied-gesellschaft.de\/wordpress\/?page_id=48"},"modified":"2019-09-19T00:23:11","modified_gmt":"2019-09-18T22:23:11","slug":"blutmordrache","status":"publish","type":"page","link":"https:\/\/www.nibelungenlied-gesellschaft.de\/nlg\/beitraege\/blutmordrache\/","title":{"rendered":"Blutmordrache."},"content":{"rendered":"\n<p><strong>Moderne\nDramatisierungen des Nibelungenmythos jenseits von Worms<\/strong><\/p>\n\n\n\n<p> Ausgehend vom Nibelungen-Spektakel Blutmorddrache von 2017 an der Neuen B\u00fchne Senftenberg nimmt der Vortrag verschiedene Neuinterpretationen von Hebbels Nibelungen-Trilogie der letzten ca. zehn Jahre auf gr\u00f6\u00dferen und kleineren deutschen B\u00fchnen vergleichend in den Blick. Ein spezieller Fokus wird auf Tendenzen in der Inszenierungspraxis liegen, die besonders eigenwillig oder innovativ erscheinen und dadurch unsere aktuelle Sicht auf den Nibelungen-Mythos potentiell ver\u00e4ndern k\u00f6nnten.<\/p>\n\n\n\n<p><em>Prof. Dr. Andrea Sieber<\/em><\/p>\n\n\n\n<figure class=\"wp-block-image\"><img decoding=\"async\" loading=\"lazy\" width=\"980\" height=\"489\" src=\"https:\/\/www.nibelungenlied-gesellschaft.de\/nlg\/wp-content\/uploads\/2019\/09\/Andrea-Sieber.jpg\" alt=\"\" class=\"wp-image-49\" srcset=\"https:\/\/www.nibelungenlied-gesellschaft.de\/nlg\/wp-content\/uploads\/2019\/09\/Andrea-Sieber.jpg 980w, https:\/\/www.nibelungenlied-gesellschaft.de\/nlg\/wp-content\/uploads\/2019\/09\/Andrea-Sieber-300x150.jpg 300w, https:\/\/www.nibelungenlied-gesellschaft.de\/nlg\/wp-content\/uploads\/2019\/09\/Andrea-Sieber-768x383.jpg 768w\" sizes=\"(max-width: 980px) 100vw, 980px\" \/><figcaption>Blutmordrache, Szenenfoto @ Neue B\u00fchne Senftenberg<\/figcaption><\/figure>\n","protected":false},"excerpt":{"rendered":"<p>Moderne Dramatisierungen des Nibelungenmythos jenseits von Worms Ausgehend vom Nibelungen-Spektakel Blutmorddrache von 2017 an der Neuen B\u00fchne Senftenberg nimmt der Vortrag verschiedene Neuinterpretationen von Hebbels Nibelungen-Trilogie der letzten ca. zehn Jahre auf gr\u00f6\u00dferen und kleineren deutschen B\u00fchnen vergleichend in den Blick. Ein spezieller Fokus wird auf Tendenzen in der Inszenierungspraxis liegen, die besonders eigenwillig oder &#8230; <span class=\"more\"><a class=\"more-link\" href=\"https:\/\/www.nibelungenlied-gesellschaft.de\/nlg\/beitraege\/blutmordrache\/\">[Read more&#8230;]<\/a><\/span><\/p>\n","protected":false},"author":1,"featured_media":0,"parent":18,"menu_order":0,"comment_status":"closed","ping_status":"closed","template":"","meta":{"footnotes":""},"_links":{"self":[{"href":"https:\/\/www.nibelungenlied-gesellschaft.de\/nlg\/wp-json\/wp\/v2\/pages\/48"}],"collection":[{"href":"https:\/\/www.nibelungenlied-gesellschaft.de\/nlg\/wp-json\/wp\/v2\/pages"}],"about":[{"href":"https:\/\/www.nibelungenlied-gesellschaft.de\/nlg\/wp-json\/wp\/v2\/types\/page"}],"author":[{"embeddable":true,"href":"https:\/\/www.nibelungenlied-gesellschaft.de\/nlg\/wp-json\/wp\/v2\/users\/1"}],"replies":[{"embeddable":true,"href":"https:\/\/www.nibelungenlied-gesellschaft.de\/nlg\/wp-json\/wp\/v2\/comments?post=48"}],"version-history":[{"count":2,"href":"https:\/\/www.nibelungenlied-gesellschaft.de\/nlg\/wp-json\/wp\/v2\/pages\/48\/revisions"}],"predecessor-version":[{"id":51,"href":"https:\/\/www.nibelungenlied-gesellschaft.de\/nlg\/wp-json\/wp\/v2\/pages\/48\/revisions\/51"}],"up":[{"embeddable":true,"href":"https:\/\/www.nibelungenlied-gesellschaft.de\/nlg\/wp-json\/wp\/v2\/pages\/18"}],"wp:attachment":[{"href":"https:\/\/www.nibelungenlied-gesellschaft.de\/nlg\/wp-json\/wp\/v2\/media?parent=48"}],"curies":[{"name":"wp","href":"https:\/\/api.w.org\/{rel}","templated":true}]}}