{"id":34,"date":"2019-09-18T23:14:11","date_gmt":"2019-09-18T21:14:11","guid":{"rendered":"http:\/\/www.nibelungenlied-gesellschaft.de\/wordpress\/?page_id=34"},"modified":"2022-02-01T00:14:04","modified_gmt":"2022-01-31T23:14:04","slug":"impressum","status":"publish","type":"page","link":"https:\/\/www.nibelungenlied-gesellschaft.de\/nlg\/kontakt\/impressum\/","title":{"rendered":"Impressum"},"content":{"rendered":"\n<p><br><strong>Redaktion und Inhalt<\/strong><br>Nibelungenlied-Gesellschaft Worms e.V.<\/p>\n\n\n\n<p><strong>Gesch\u00e4ftsstelle:<\/strong><br>Nibelungenmuseum Worms<br>z.Hd. Dr. Ellen Bender<br>Fischerpf\u00f6rtchen 10<br>67547 Worms<\/p>\n\n\n\n<p><strong>E-Mail:<\/strong>&nbsp;<a href=\"mailto:info@nibelungenlied-gesellschaft.de\">info@nibelungenlied-gesellschaft.de<\/a><\/p>\n\n\n\n<p><strong>Vorstand:<\/strong><br>1. Vorsitzende: Dr. Ellen Bender<br>2. Vorsitzende:\u00a0Prof. Dr. Andrea Sieber, Eichfelder<\/p>\n\n\n\n<p>Vereinsregister VR&nbsp; 11089<\/p>\n\n\n\n<p><strong>Bankverbindung:<\/strong><br>Sparkasse Worms Alzey Ried<br>Bankleitzahl IBAN DE 65 55350010 000 2033827<br>BIC MALADE 51 WOR<\/p>\n\n\n\n<p><strong>Realisierung:<\/strong>&nbsp;<a href=\"http:\/\/www.eichfelder.de\/\">Eichfelder-Artworks<br><br><\/a><strong>Haftungshinweis:<\/strong><br>Trotz sorgf\u00e4ltiger inhaltlicher Kontrolle \u00fcbernehmen wir keine Haftung f\u00fcr die Inhalte externer Links.<br>F\u00fcr den Inhalt der verlinkten Seiten sind ausschlie\u00dflich deren Betreiber verantwortlich.<\/p>\n\n\n\n<p>\u00a9 Nibelungenlied-Gesellschaft, Worms, 2019. Alle Rechte vorbehalten <\/p>\n","protected":false},"excerpt":{"rendered":"<p>Redaktion und InhaltNibelungenlied-Gesellschaft Worms e.V. Gesch\u00e4ftsstelle:Nibelungenmuseum Wormsz.Hd. Dr. Ellen BenderFischerpf\u00f6rtchen 1067547 Worms E-Mail:&nbsp;info@nibelungenlied-gesellschaft.de Vorstand:1. Vorsitzende: Dr. Ellen Bender2. Vorsitzende:\u00a0Prof. Dr. Andrea Sieber, Eichfelder Vereinsregister VR&nbsp; 11089 Bankverbindung:Sparkasse Worms Alzey RiedBankleitzahl IBAN DE 65 55350010 000 2033827BIC MALADE 51 WOR Realisierung:&nbsp;Eichfelder-Artworks Haftungshinweis:Trotz sorgf\u00e4ltiger inhaltlicher Kontrolle \u00fcbernehmen wir keine Haftung f\u00fcr die Inhalte externer Links.F\u00fcr den Inhalt &#8230; <span class=\"more\"><a class=\"more-link\" href=\"https:\/\/www.nibelungenlied-gesellschaft.de\/nlg\/kontakt\/impressum\/\">[Read more&#8230;]<\/a><\/span><\/p>\n","protected":false},"author":1,"featured_media":0,"parent":30,"menu_order":0,"comment_status":"closed","ping_status":"closed","template":"","meta":{"footnotes":""},"_links":{"self":[{"href":"https:\/\/www.nibelungenlied-gesellschaft.de\/nlg\/wp-json\/wp\/v2\/pages\/34"}],"collection":[{"href":"https:\/\/www.nibelungenlied-gesellschaft.de\/nlg\/wp-json\/wp\/v2\/pages"}],"about":[{"href":"https:\/\/www.nibelungenlied-gesellschaft.de\/nlg\/wp-json\/wp\/v2\/types\/page"}],"author":[{"embeddable":true,"href":"https:\/\/www.nibelungenlied-gesellschaft.de\/nlg\/wp-json\/wp\/v2\/users\/1"}],"replies":[{"embeddable":true,"href":"https:\/\/www.nibelungenlied-gesellschaft.de\/nlg\/wp-json\/wp\/v2\/comments?post=34"}],"version-history":[{"count":4,"href":"https:\/\/www.nibelungenlied-gesellschaft.de\/nlg\/wp-json\/wp\/v2\/pages\/34\/revisions"}],"predecessor-version":[{"id":279,"href":"https:\/\/www.nibelungenlied-gesellschaft.de\/nlg\/wp-json\/wp\/v2\/pages\/34\/revisions\/279"}],"up":[{"embeddable":true,"href":"https:\/\/www.nibelungenlied-gesellschaft.de\/nlg\/wp-json\/wp\/v2\/pages\/30"}],"wp:attachment":[{"href":"https:\/\/www.nibelungenlied-gesellschaft.de\/nlg\/wp-json\/wp\/v2\/media?parent=34"}],"curies":[{"name":"wp","href":"https:\/\/api.w.org\/{rel}","templated":true}]}}