{"id":32,"date":"2019-09-18T23:13:59","date_gmt":"2019-09-18T21:13:59","guid":{"rendered":"http:\/\/www.nibelungenlied-gesellschaft.de\/wordpress\/?page_id=32"},"modified":"2025-09-01T07:46:45","modified_gmt":"2025-09-01T05:46:45","slug":"mitgliedschaft","status":"publish","type":"page","link":"https:\/\/www.nibelungenlied-gesellschaft.de\/nlg\/kontakt\/mitgliedschaft\/","title":{"rendered":"Mitgliedschaft"},"content":{"rendered":"\n<h3 class=\"wp-block-heading\" id=\"uns-ist-in-alten-maeren-wunders-vil-geseit\">\u201eUns ist in alten m\u00e6ren wunders vil geseit\u201c<\/h3>\n\n\n\n<p>So schrieb um 1200 ein gro\u00dfer Dichter des Mittelalters das Nibelungenlied und siedelte es in der damals historisch bedeutenden Stadt Worms am Rhein an.<\/p>\n\n\n\n<p><strong>Interessieren Sie sich f\u00fcr die Nibelungen?<\/strong><\/p>\n\n\n\n<p>1998 wurde die Nibelungenlied-Gesellschaft Worms e.V. aus der Taufe gehoben. Die literarische Gesellschaft hat sich die Erforschung und F\u00f6rderung des Nibelungenliedes und verwandter Stoffe der europ\u00e4ischen Literatur zur Aufgabe gestellt.<\/p>\n\n\n\n<p><strong>Die Pl\u00e4ne und Arbeitsziele der Nibelungenlied-Gesellschaft:<\/strong><\/p>\n\n\n\n<ul>\n<li>Wissenschaftliche Besch\u00e4ftigung mit Text, Stoff, Rezeption und historischem Umfeld des Nibelungenlieds<\/li>\n\n\n\n<li>Planung und Durchf\u00fchrung von Veranstaltungen wie Symposien, Lesungen, Theaterauff\u00fchrungen, Konzerten etc.<\/li>\n\n\n\n<li>Herausgabe von Publikationen<\/li>\n\n\n\n<li>Aufbau und Betreuung einer stoffbezogenen Erlebniskultur in Worms<\/li>\n\n\n\n<li>F\u00f6rderung von Nibelungenmuseum und Nibelungenfestspielen: <em><strong>Das Nibelungenthema hat Alleinstellungsmerkmal in Worms. Nicht ohne Grund nennt sich Worms &#8222;Nibelungenstadt&#8220;. Die jetzt angek\u00fcndigte Schie\u00dfung des Nibelungenmuseums wegen eines vorhandenen Sanierungsstaus macht eine konzeptionelle Strategie notwendig, die von der Stadt Worms angegangen werden muss. Aufgabe des Nibelungenmuseums war es, das zum UNESCO-Weltkulturerbe z\u00e4hlende Nibelungenlied in den Mittelpunkt seiner Dauerausstellung und seiner zahlreichen Sonderpr\u00e4sentationen und Veranstaltungen zu stellen, um ganzj\u00e4hrig ein kulturelles Bildungsangebot zu pr\u00e4sentieren. Immer wieder sind neben Schulklassen auch Gruppen von Studierenden vor Ort gewesen, und die Arbeit des Museums hat in den fast 25 Jahren seines Bestehens ihren Niederschlag in wissenschaftlichen Publikationen gefunden. Um weiterhin ein hochwertiges Kulturerlebnis zu schaffen, bef\u00fcrwortet die Nibelungenlied-Gesellschaft einen zentralen musealen und repr\u00e4sentativen Ort f\u00fcr ein ganzj\u00e4hriges Nibelungenangebot in Worms.<\/strong><\/em><\/li>\n\n\n\n<li>Koordination von stoffbezogenen B\u00fcrgerinitiativen<\/li>\n\n\n\n<li>Aufkl\u00e4rung \u00fcber den politischen Missbrauch des Nibelungenstoffes sowie der gesamten germanischen und mittelalterlichen \u00dcberlieferung durch nationalistische, nationalsozialistische und neonazistischen bzw. rechtsextreme Propaganda.<\/li>\n<\/ul>\n\n\n\n<p><a href=\"http:\/\/www.nibelungenlied-gesellschaft.de\/03_beitrag\/english\/english.html\">Introduction in English (Worms and the Nibelungenlied)<\/a><\/p>\n\n\n\n<hr class=\"wp-block-separator has-css-opacity\"\/>\n\n\n\n<div style=\"height:15px\" aria-hidden=\"true\" class=\"wp-block-spacer\"><\/div>\n\n\n\n<h2 class=\"wp-block-heading\" id=\"mochten-sie-mitglied-der-nibelungenlied-gesellschaft-werden\">M\u00f6chten Sie Mitglied der Nibelungenlied-Gesellschaft werden?<\/h2>\n\n\n\n<p>Hierzu m\u00fcssen Sie nur das folgende Formular ausf\u00fcllen, unterschreiben und uns per Post zusenden.<\/p>\n\n\n\n<div class=\"wp-block-file\"><object class=\"wp-block-file__embed\" data=\"https:\/\/www.nibelungenlied-gesellschaft.de\/nlg\/wp-content\/uploads\/2024\/01\/nlg24_mitgliedsantrag.pdf\" type=\"application\/pdf\" style=\"width:100%;height:600px\" aria-label=\"Einbettung von Mitgliedsantrag.\"><\/object><a id=\"wp-block-file--media-0f14d3b4-2f96-42b1-9dbd-9c641230853f\" href=\"https:\/\/www.nibelungenlied-gesellschaft.de\/nlg\/wp-content\/uploads\/2024\/01\/nlg24_mitgliedsantrag.pdf\" target=\"_blank\" rel=\"noreferrer noopener\">Mitgliedsantrag<\/a><a href=\"https:\/\/www.nibelungenlied-gesellschaft.de\/nlg\/wp-content\/uploads\/2024\/01\/nlg24_mitgliedsantrag.pdf\" class=\"wp-block-file__button wp-element-button\" download aria-describedby=\"wp-block-file--media-0f14d3b4-2f96-42b1-9dbd-9c641230853f\">Herunterladen<\/a><\/div>\n\n\n\n<p><strong>Gesch\u00e4ftsstelle:<br><\/strong>Nibelungenmuseum Worms<br>Fischerpf\u00f6rtchen 10<br>67547 Worms<\/p>\n\n\n\n<p><\/p>\n\n\n\n<details class=\"wp-block-details\"><summary>Details<\/summary>\n<p><\/p>\n<\/details>\n","protected":false},"excerpt":{"rendered":"<p>\u201eUns ist in alten m\u00e6ren wunders vil geseit\u201c So schrieb um 1200 ein gro\u00dfer Dichter des Mittelalters das Nibelungenlied und siedelte es in der damals historisch bedeutenden Stadt Worms am Rhein an. Interessieren Sie sich f\u00fcr die Nibelungen? 1998 wurde die Nibelungenlied-Gesellschaft Worms e.V. aus der Taufe gehoben. Die literarische Gesellschaft hat sich die Erforschung &#8230; <span class=\"more\"><a class=\"more-link\" href=\"https:\/\/www.nibelungenlied-gesellschaft.de\/nlg\/kontakt\/mitgliedschaft\/\">[Read more&#8230;]<\/a><\/span><\/p>\n","protected":false},"author":1,"featured_media":0,"parent":30,"menu_order":0,"comment_status":"closed","ping_status":"closed","template":"","meta":{"footnotes":""},"_links":{"self":[{"href":"https:\/\/www.nibelungenlied-gesellschaft.de\/nlg\/wp-json\/wp\/v2\/pages\/32"}],"collection":[{"href":"https:\/\/www.nibelungenlied-gesellschaft.de\/nlg\/wp-json\/wp\/v2\/pages"}],"about":[{"href":"https:\/\/www.nibelungenlied-gesellschaft.de\/nlg\/wp-json\/wp\/v2\/types\/page"}],"author":[{"embeddable":true,"href":"https:\/\/www.nibelungenlied-gesellschaft.de\/nlg\/wp-json\/wp\/v2\/users\/1"}],"replies":[{"embeddable":true,"href":"https:\/\/www.nibelungenlied-gesellschaft.de\/nlg\/wp-json\/wp\/v2\/comments?post=32"}],"version-history":[{"count":15,"href":"https:\/\/www.nibelungenlied-gesellschaft.de\/nlg\/wp-json\/wp\/v2\/pages\/32\/revisions"}],"predecessor-version":[{"id":909,"href":"https:\/\/www.nibelungenlied-gesellschaft.de\/nlg\/wp-json\/wp\/v2\/pages\/32\/revisions\/909"}],"up":[{"embeddable":true,"href":"https:\/\/www.nibelungenlied-gesellschaft.de\/nlg\/wp-json\/wp\/v2\/pages\/30"}],"wp:attachment":[{"href":"https:\/\/www.nibelungenlied-gesellschaft.de\/nlg\/wp-json\/wp\/v2\/media?parent=32"}],"curies":[{"name":"wp","href":"https:\/\/api.w.org\/{rel}","templated":true}]}}