{"id":30,"date":"2019-09-18T23:13:16","date_gmt":"2019-09-18T21:13:16","guid":{"rendered":"http:\/\/www.nibelungenlied-gesellschaft.de\/wordpress\/?page_id=30"},"modified":"2025-09-26T08:55:35","modified_gmt":"2025-09-26T06:55:35","slug":"kontakt","status":"publish","type":"page","link":"https:\/\/www.nibelungenlied-gesellschaft.de\/nlg\/kontakt\/","title":{"rendered":"Kontakt"},"content":{"rendered":"\n<p>Wenn Sie Fragen zu unseren Verein oder zu unseren Veranstaltungen haben, z\u00f6gern Sie nicht mit uns Kontakt aufzunehmen!<\/p>\n\n\n\n<hr class=\"wp-block-separator has-css-opacity\"\/>\n\n\n\n<p>Im Vorstand der Gesellschaft arbeiten derzeit:<\/p>\n\n\n\n<p><strong>Vorsitzende:<\/strong> N. N. <br><strong>Stellvertreter:<\/strong> Prof. Dr. Andrea Sieber, Eichfelder<br><strong>Schriftf\u00fchrerin:<\/strong>  Gisela Neumeister<br><strong>Kassenwartin:<\/strong> Stephanie Salm<br><strong>Beisitzer:<\/strong> <br>Dr. Olaf M\u00fcckain<br>Dr. Regina Urbach<br>Petra Riha<br>Ulrike Standke<\/p>\n\n\n\n<p><strong>Gesch\u00e4ftsstelle: <\/strong>       <br>eichfelder artworks<\/p>\n\n\n\n<p>gottliebenstra\u00dfe 24 | 67550 worms<\/p>\n\n\n\n<p>+49 (0) 62 41 &#8211; 97 99 77<\/p>\n\n\n\n<p><a href=\"mailto:info@eichfelder.de\">info@eichfelder.de<\/a><\/p>\n\n\n\n<p><\/p>\n\n\n\n<hr class=\"wp-block-separator has-css-opacity\"\/>\n\n\n\n<p><strong>E-Mail:<\/strong> <a href=\"mailto:info@eichfelder.de\">info@eichfel<\/a><a href=\"mailto:uschaefer@vrm.de\">der.de<\/a><a href=\"mailto:uschaefer@vrm.de\"><br><\/a><br>oder benutzen Sie einfach folgendes Formular, wir<br>werden dann umgehend mit Ihnen Kontakt aufnehmen.<\/p>\n\n\n<div class=\"wpforms-container wpforms-container-full\" id=\"wpforms-98\"><form id=\"wpforms-form-98\" class=\"wpforms-validate wpforms-form\" data-formid=\"98\" method=\"post\" enctype=\"multipart\/form-data\" action=\"\/nlg\/wp-json\/wp\/v2\/pages\/30\" data-token=\"f6d55b306fe8435404b01752b2634d36\"><noscript class=\"wpforms-error-noscript\">Bitte aktiviere JavaScript in deinem Browser, um dieses Formular fertigzustellen.<\/noscript><div class=\"wpforms-field-container\"><div id=\"wpforms-98-field_0-container\" class=\"wpforms-field wpforms-field-name\" data-field-id=\"0\"><label class=\"wpforms-field-label\" for=\"wpforms-98-field_0\">Name <span class=\"wpforms-required-label\">*<\/span><\/label><div class=\"wpforms-field-row wpforms-field-medium\"><div class=\"wpforms-field-row-block wpforms-first wpforms-one-half\"><input type=\"text\" id=\"wpforms-98-field_0\" class=\"wpforms-field-name-first wpforms-field-required\" name=\"wpforms[fields][0][first]\" required><label for=\"wpforms-98-field_0\" class=\"wpforms-field-sublabel after \">Vorname<\/label><\/div><div class=\"wpforms-field-row-block wpforms-one-half\"><input type=\"text\" id=\"wpforms-98-field_0-last\" class=\"wpforms-field-name-last wpforms-field-required\" name=\"wpforms[fields][0][last]\" required><label for=\"wpforms-98-field_0-last\" class=\"wpforms-field-sublabel after \">Nachname<\/label><\/div><\/div><\/div><div id=\"wpforms-98-field_1-container\" class=\"wpforms-field wpforms-field-email\" data-field-id=\"1\"><label class=\"wpforms-field-label\" for=\"wpforms-98-field_1\">E-Mail <span class=\"wpforms-required-label\">*<\/span><\/label><input type=\"email\" id=\"wpforms-98-field_1\" class=\"wpforms-field-medium wpforms-field-required\" name=\"wpforms[fields][1]\" spellcheck=\"false\" required><\/div><div id=\"wpforms-98-field_2-container\" class=\"wpforms-field wpforms-field-textarea\" data-field-id=\"2\"><label class=\"wpforms-field-label\" for=\"wpforms-98-field_2\">Kommentar oder Nachricht <span class=\"wpforms-required-label\">*<\/span><\/label><textarea id=\"wpforms-98-field_2\" class=\"wpforms-field-medium wpforms-field-required\" name=\"wpforms[fields][2]\" required><\/textarea><\/div><\/div><!-- .wpforms-field-container --><div class=\"wpforms-field wpforms-field-hp\"><label for=\"wpforms-98-field-hp\" class=\"wpforms-field-label\">Name<\/label><input type=\"text\" name=\"wpforms[hp]\" id=\"wpforms-98-field-hp\" class=\"wpforms-field-medium\"><\/div><div class=\"wpforms-submit-container\" ><input type=\"hidden\" name=\"wpforms[id]\" value=\"98\"><input type=\"hidden\" name=\"wpforms[author]\" value=\"1\"><button type=\"submit\" name=\"wpforms[submit]\" id=\"wpforms-submit-98\" class=\"wpforms-submit\" data-alt-text=\"Senden...\" data-submit-text=\"Absenden\" aria-live=\"assertive\" value=\"wpforms-submit\">Absenden<\/button><\/div><\/form><\/div>  <!-- .wpforms-container -->\n\n\n\n<hr class=\"wp-block-separator has-css-opacity\"\/>\n\n\n\n<p><strong>M\u00f6chten Sie Mitglied der Nibelungenlied-Gesellschaft werden?<\/strong><br><a href=\"https:\/\/www.nibelungenlied-gesellschaft.de\/nlg\/kontakt\/mitgliedschaft\/\">Hier geht\u00b4s zur Beitrittserkl\u00e4rung<\/a><\/p>\n","protected":false},"excerpt":{"rendered":"<p>Wenn Sie Fragen zu unseren Verein oder zu unseren Veranstaltungen haben, z\u00f6gern Sie nicht mit uns Kontakt aufzunehmen! Im Vorstand der Gesellschaft arbeiten derzeit: Vorsitzende: N. N. Stellvertreter: Prof. Dr. Andrea Sieber, EichfelderSchriftf\u00fchrerin: Gisela NeumeisterKassenwartin: Stephanie SalmBeisitzer: Dr. Olaf M\u00fcckainDr. Regina UrbachPetra RihaUlrike Standke Gesch\u00e4ftsstelle: eichfelder artworks gottliebenstra\u00dfe 24 | 67550 worms +49 (0) 62 &#8230; <span class=\"more\"><a class=\"more-link\" href=\"https:\/\/www.nibelungenlied-gesellschaft.de\/nlg\/kontakt\/\">[Read more&#8230;]<\/a><\/span><\/p>\n","protected":false},"author":1,"featured_media":0,"parent":0,"menu_order":0,"comment_status":"closed","ping_status":"closed","template":"","meta":{"footnotes":""},"_links":{"self":[{"href":"https:\/\/www.nibelungenlied-gesellschaft.de\/nlg\/wp-json\/wp\/v2\/pages\/30"}],"collection":[{"href":"https:\/\/www.nibelungenlied-gesellschaft.de\/nlg\/wp-json\/wp\/v2\/pages"}],"about":[{"href":"https:\/\/www.nibelungenlied-gesellschaft.de\/nlg\/wp-json\/wp\/v2\/types\/page"}],"author":[{"embeddable":true,"href":"https:\/\/www.nibelungenlied-gesellschaft.de\/nlg\/wp-json\/wp\/v2\/users\/1"}],"replies":[{"embeddable":true,"href":"https:\/\/www.nibelungenlied-gesellschaft.de\/nlg\/wp-json\/wp\/v2\/comments?post=30"}],"version-history":[{"count":11,"href":"https:\/\/www.nibelungenlied-gesellschaft.de\/nlg\/wp-json\/wp\/v2\/pages\/30\/revisions"}],"predecessor-version":[{"id":913,"href":"https:\/\/www.nibelungenlied-gesellschaft.de\/nlg\/wp-json\/wp\/v2\/pages\/30\/revisions\/913"}],"wp:attachment":[{"href":"https:\/\/www.nibelungenlied-gesellschaft.de\/nlg\/wp-json\/wp\/v2\/media?parent=30"}],"curies":[{"name":"wp","href":"https:\/\/api.w.org\/{rel}","templated":true}]}}