{"id":24,"date":"2019-09-18T23:12:40","date_gmt":"2019-09-18T21:12:40","guid":{"rendered":"http:\/\/www.nibelungenlied-gesellschaft.de\/wordpress\/?page_id=24"},"modified":"2022-12-05T14:13:02","modified_gmt":"2022-12-05T13:13:02","slug":"rezeption","status":"publish","type":"page","link":"https:\/\/www.nibelungenlied-gesellschaft.de\/nlg\/beitraege\/rezeption\/","title":{"rendered":"Rezeption"},"content":{"rendered":"\n<p><em>Beitr\u00e4ge mit dem Schwerpunkt Nibelungenlied-Rezeption<\/em><\/p>\n\n\n\n<p><a href=\"https:\/\/www.nibelungenlied-gesellschaft.de\/nlg\/wp-content\/uploads\/2022\/11\/nibelungenlied-sammlung_stadtbibliothek-worms.pdf\" target=\"_blank\" rel=\"noreferrer noopener\">Die Nibelungenlied-Sammlung der Stadtbibliothek Worms<\/a><br><em>(Dr. Busso Diekamp)<\/em><\/p>\n\n\n\n<p><a href=\"https:\/\/www.nibelungenlied-gesellschaft.de\/nlg\/beitraege\/frauenbilder-im-nibelungenlied-und-in-den-wormser-festspielinszenierungen\/\" data-type=\"page\" data-id=\"365\">Frauenbilder im Nibelungenlied und in den Wormser Festspielinszenierungen<\/a><br><em>(Dr. Ellen Bender)<\/em><\/p>\n\n\n\n<p><a href=\"http:\/\/nibelungenlied-gesellschaft.de\/03_beitrag\/galle\/galle_fs2.html\">Das Nibelungenlied und Europa<br><\/a><em>(Volker Gall\u00e9)<\/em><\/p>\n\n\n\n<p><a href=\"http:\/\/nibelungenlied-gesellschaft.de\/03_beitrag\/galle\/fs08_galle.html\">Die Geburtsstunde der Germanistik, das Nibelungenlied und Friedrich von der Hagen<br><\/a><em>(Volker Gall\u00e9)<\/em><\/p>\n\n\n\n<p><a href=\"http:\/\/nibelungenlied-gesellschaft.de\/03_beitrag\/gast\/schoeffl\/g-12_schoeffl.html\">Franz Joseph von Wocher und das Nibelungenlied<br><\/a><em>(Rainer Sch\u00f6ffl)<\/em><\/p>\n\n\n\n<p><a href=\"http:\/\/nibelungenlied-gesellschaft.de\/03_beitrag\/galle\/fs05_galle.html\">Fantasien von Germanen und Kelten Fouqu\u00e9s &#8222;Held des Nordens&#8220; und Macphersons &#8222;Ossian&#8220;<br><\/a><em>(Volker Gall\u00e9)<\/em><\/p>\n\n\n\n<p><a href=\"http:\/\/nibelungenlied-gesellschaft.de\/03_beitrag\/eichfelder\/kunst\/Drachenknochen\/knochen.html\">Drachenknochen<br><\/a><em>(Eichfelder)<\/em><\/p>\n\n\n\n<p><a href=\"http:\/\/nibelungenlied-gesellschaft.de\/03_beitrag\/martin\/fs05_mart.html\">Untergangsszenarien an der Wende zur neuen Zeit &#8211; das Nibelungenlied und Hamlet<br><\/a><em>(Erwin Martin)<\/em><\/p>\n\n\n\n<p><a href=\"http:\/\/nibelungenlied-gesellschaft.de\/03_beitrag\/eichfelder\/fs05_eichf.html\">Das Nibelungenlied und die M\u00e4rchen<br><\/a><em>(Eichfelder)<\/em><\/p>\n\n\n\n<p><a href=\"http:\/\/nibelungenlied-gesellschaft.de\/03_beitrag\/gast\/fs08_wondrejz.html\">Kalkulierte Verr\u00e4terin &#8211; treusorgende Ehefrau? Kriemhilds Rolle beim Mord an Siegfried<br><\/a><em>(Torsten Wondrejz)<\/em><\/p>\n\n\n\n<p><a href=\"https:\/\/www.nibelungenlied-gesellschaft.de\/nlg\/beitraege\/die-grundformen-der-angst-im-nibelungenlied\/\">Die Grundformen der Angst im Nibelungenlied<\/a><br><em>(Gastbeitrag von Dr. Niklas Gebele)<\/em> <\/p>\n\n\n\n<h4 class=\"wp-block-heading\"><strong>FRIEDRICH HEBBEL<\/strong><\/h4>\n\n\n\n<p><a href=\"http:\/\/nibelungenlied-gesellschaft.de\/03_beitrag\/martin\/martin.html\">&#8222;Die Nibelungen &#8211; ein deutsches Trauerspiel&#8220; von Friedrich Hebbel<br><\/a><em>(Erwin Martin)<\/em><\/p>\n\n\n\n<p><a href=\"http:\/\/nibelungenlied-gesellschaft.de\/03_beitrag\/schnellb\/fs05_schn.html\">&#8222;Die Nibelungen&#8220; in Hebbels Briefen<br><\/a><em>(Gernot Schnellbacher)<\/em><\/p>\n\n\n\n<p><a href=\"http:\/\/nibelungenlied-gesellschaft.de\/03_beitrag\/mueller\/fs05_muel.html\">R\u00fcdiger und Dietrich &#8211; im Nibelungenlied und bei Hebbel<br><\/a><em>(Hans M\u00fcller)<\/em><\/p>\n\n\n\n<p><a href=\"http:\/\/nibelungenlied-gesellschaft.de\/03_beitrag\/schnellb\/fs04_schn.html\">&#8222;Die Nibelungen&#8220; in Hebbels Tageb\u00fcchern<br><\/a><em>(Gernot Schnellbacher)<\/em><\/p>\n\n\n\n<p><a href=\"http:\/\/nibelungenlied-gesellschaft.de\/03_beitrag\/gast\/fs13_thomsen.html\">Friedrich Hebbel und Richard Wagner als Nibelungendichter<br><\/a><em>(Hargen Thomsen)<\/em><\/p>\n\n\n\n<p><a href=\"http:\/\/nibelungenlied-gesellschaft.de\/03_beitrag\/mueller\/fs14_muel.html\">Etzel und seine Hunnen im Nibelungenlied und in Hebbels \u201aDie Nibelungen\u2018<br><\/a><em>(Hans M\u00fcller)<\/em><\/p>\n\n\n\n<p><a href=\"http:\/\/nibelungenlied-gesellschaft.de\/03_beitrag\/bender\/fs04_bend.html\">Helden, Macht und Mythos, \u00fcber das Nibelungenlied und Hebbels Verst\u00e4ndnis der Dichtung<br><\/a><em>(Ellen Bender)<\/em><\/p>\n\n\n\n<p><a href=\"http:\/\/nibelungenlied-gesellschaft.de\/03_beitrag\/mueller\/fs04_muel.html\">Welche Rolle spielt das Christentum in Hebbels &#8222;Nibelungen&#8220;?<br><\/a><em>(Hans M\u00fcller)<\/em><\/p>\n\n\n\n<p><a href=\"http:\/\/nibelungenlied-gesellschaft.de\/03_beitrag\/schaefer\/fs04_uli.html\">Die Kriemhildfigur bei Hebbel, Rinke und im Nibelungenlied<br><\/a><em>(Ulrike Sch\u00e4fer)<\/em><\/p>\n\n\n\n<p><a href=\"http:\/\/nibelungenlied-gesellschaft.de\/03_beitrag\/martin\/fs03_mart.html\">Die Nibelungen zwischen Hebbel und Rinke<br><\/a><em>(Erwin Martin)<\/em><\/p>\n\n\n\n<h4 class=\"wp-block-heading\"><strong>RICHARD&nbsp;WAGNER<\/strong><\/h4>\n\n\n\n<p><a href=\"https:\/\/www.nibelungenlied-gesellschaft.de\/nlg\/beitraege\/alberich-und-mime-verachtete-und-rachsuechtige-zwerge\/\">Alberich und Mime \u2013 Verachtete und rachs\u00fcchtige Zwerge?<\/a><br><em>(Doris Schweitzer)<\/em> <\/p>\n\n\n\n<p><a href=\"https:\/\/www.nibelungenlied-gesellschaft.de\/nlg\/beitraege\/siegfried-bei-wagner-und-im-nibelungenlied\/\">SIEGFRIED Bei Wagner und im Nibelungenlied &#8211; Ein Vergleich, als Neudeutung des Epos<\/a><br><em>(J\u00fcrgen Lodemann)<\/em> <\/p>\n\n\n\n<p><a href=\"https:\/\/www.nibelungenlied-gesellschaft.de\/nlg\/beitraege\/gunther-und-gutrune-betruegerische-und-betrogene-geschwister\/\">Gunther und Gutrune \u2013 betr\u00fcgerische und betrogene Geschwister<\/a><br><em>(Doris Schweitzer)<\/em>  <\/p>\n\n\n\n<p><a href=\"http:\/\/nibelungenlied-gesellschaft.de\/03_beitrag\/martin\/fs08_mart.html\">Fluch und Erl\u00f6sung in Richard Wagners Musikdrama \u201eDer Ring des Nibelungen\u201c<br><\/a><em>(Erwin Martin)<\/em><\/p>\n\n\n\n<p><a href=\"http:\/\/nibelungenlied-gesellschaft.de\/03_beitrag\/schweitzer\/fs13_schweitzer.html\">Weibes Wonne und Wert &#8211; Die Frauen in Wagners \u201aRing des Nibelungen\u2018<\/a><br><em>(Doris Schweitzer)<\/em><\/p>\n\n\n\n<p><a href=\"http:\/\/nibelungenlied-gesellschaft.de\/03_beitrag\/gast\/fs13_thomsen.html\">Friedrich Hebbel und Richard Wagner als Nibelungendichter<br><\/a><em>(Hargen Thomsen)<\/em><\/p>\n\n\n\n<p><a href=\"http:\/\/nibelungenlied-gesellschaft.de\/03_beitrag\/schweitzer\/fs14_schweitzer.html\">Von G\u00f6ttern und Helden \u2013 Nordische Mythologie in Wagners \u201aRing des Nibelungen\u2018<br><\/a><em>(Doris Schweitzer)<\/em><\/p>\n\n\n\n<p><a href=\"http:\/\/nibelungenlied-gesellschaft.de\/03_beitrag\/schweitzer\/nlg-15_schweitzer.html\">Der scheiternde Held&nbsp;\u2013&nbsp;Siegfried im Nibelungenlied und in Wagners &#8222;Ring&#8220;<\/a><br><em>(Doris Schweitzer)<\/em><\/p>\n\n\n\n<p><a href=\"http:\/\/nibelungenlied-gesellschaft.de\/03_beitrag\/schweitzer\/nlg-16_schweitzer.html\">Mythos Br\u00fcnhild<\/a><a href=\"http:\/\/nibelungenlied-gesellschaft.de\/03_beitrag\/schweitzer\/nlg-15_schweitzer.html\">&nbsp;&#8211;&nbsp;Von der Walk\u00fcre zur liebenden Frau<\/a><br><em>(Doris Schweitzer)<\/em><\/p>\n\n\n\n<p><a href=\"http:\/\/nibelungenlied-gesellschaft.de\/03_beitrag\/schweitzer\/nlg-17_schweitzer.html\">Siegmund und Sieglinde \u2013 Geschwisterpaar, Liebespaar, Elternpaar<\/a><br><em>(Doris Schweitzer)<\/em><\/p>\n\n\n\n<h4 class=\"wp-block-heading\"><strong>Deutsch-Nationale Rezeption<\/strong><\/h4>\n\n\n\n<p><a href=\"https:\/\/www.nibelungenlied-gesellschaft.de\/nlg\/beitraege\/nibelungische-echos\/\">Nibelungische Echos &#8211; Politische Nibelungendiskurse in der Zeit des Nationalsozialismus<\/a><br><em>(PD Dr. Robert Sch\u00f6ller)<\/em> <\/p>\n\n\n\n<p><a href=\"https:\/\/www.nibelungenlied-gesellschaft.de\/nlg\/beitraege\/siegfrieds-erbe\/\">Siegfrieds Erbe<\/a><br><em>(Anke Lyttwin)<\/em> <\/p>\n\n\n\n<p><a href=\"http:\/\/nibelungenlied-gesellschaft.de\/03_beitrag\/gast\/fs11_grimm.html\">Nibelungen-Gedichte, ein Lesebuch<br><\/a><em>(Gunther E. Grimm)<\/em><\/p>\n\n\n\n<p><a href=\"http:\/\/nibelungenlied-gesellschaft.de\/03_beitrag\/mueller\/fs07_muel.html\">Der Burgunderuntergang im Nibelungenlied &#8211; Zeittypische Deutungen von 1918 bis 1945<br><\/a><em>(Hans M\u00fcller)<\/em><\/p>\n\n\n\n<p><a href=\"http:\/\/nibelungenlied-gesellschaft.de\/03_beitrag\/mueller\/fs06_muel.html\">Elemente nationalsozialistischen Gedankenguts in Jansens Nibelungenroman von 1916<br><\/a><em>(Hans M\u00fcller)<\/em><\/p>\n\n\n\n<p><a href=\"http:\/\/nibelungenlied-gesellschaft.de\/03_beitrag\/galle\/fs04_galle.html\">Max Braun und Peter Bender, Nibelungenromane der 20er und 30er Jahre am Rhein<br><\/a><em>(Volker Gall\u00e9)<\/em><\/p>\n\n\n\n<p><a href=\"http:\/\/nibelungenlied-gesellschaft.de\/03_beitrag\/mueller\/fs08_muel.html\">Die Deutung des Burgunderuntergangs in Schreyvogels Nibelungenroman, 1938<br><\/a><em>(Hans M\u00fcller)<\/em><\/p>\n\n\n\n<p><a href=\"http:\/\/nibelungenlied-gesellschaft.de\/03_beitrag\/galle\/fs06_galle.html\">Otto H\u00f6fler und Bernhard Kummer Nibelungenforscher im NS-System<br><\/a><em>(Volker Gall\u00e9)<\/em><\/p>\n\n\n\n<p><a href=\"http:\/\/nibelungenlied-gesellschaft.de\/03_beitrag\/galle\/nlg-17_galle.html\">Der dunkle Siegfried \u2013 eine Heldenmutation im allzu langen 19. Jahrhundert<\/a><br><em>(Volker Gall\u00e9)<\/em><\/p>\n\n\n\n<p><a href=\"http:\/\/nibelungenlied-gesellschaft.de\/03_beitrag\/urbach\/nlg-17_urbach.html\">Der deutsche Lawrence. Quellen zu \u201eGLUT. Siegfried von Arabien\u201c<\/a><br><em>(Dr. Regina Urbach)<\/em><\/p>\n\n\n\n<h4 class=\"wp-block-heading\"><strong>Nibelungen in der Kunst \/ Moderne Bearbeitungen<\/strong><\/h4>\n\n\n\n<p><a href=\"https:\/\/www.nibelungenlied-gesellschaft.de\/nlg\/beitraege\/das-bild-kriemhilds-und-brunhilds-in-der-kunst\/\" data-type=\"page\" data-id=\"415\">Das Bild Kriemhilds und Brunhilds in der Kunst<\/a><br><em>(Prof. Dr. Gunter E. Grimm, Universit\u00e4t Duisburg-Essen)<\/em><\/p>\n\n\n\n<p><a href=\"https:\/\/www.nibelungenlied-gesellschaft.de\/nlg\/beitraege\/der-aufhaltsame-untergang-alternative-wendungen-zur-dramaturgie-des-nibelungenstoffes\/\">Der aufhaltsame Untergang &#8211; Alternative Wendungen zur Dramaturgie des Nibelungenstoffes<\/a><br><em>(Volker Gall\u00e9)<\/em>  <\/p>\n\n\n\n<p><a href=\"https:\/\/www.nibelungenlied-gesellschaft.de\/nlg\/blutmordrache\/\">Blutmordrache<\/a><br><em>(Prof. Dr. Andrea Sieber)<\/em><\/p>\n\n\n\n<p><a href=\"https:\/\/www.nibelungenlied-gesellschaft.de\/nlg\/die-nibelungen-und-ihre-frauen-in-den-wormser-festspielinszenierungen-seit-2002\/\">Die Nibelungen und ihre Frauen in den Wormser Festspielinszenierungen seit 2002<\/a><br><em>(Dr. Ellen Bender)<\/em> <\/p>\n\n\n\n<p><a href=\"https:\/\/www.nibelungenlied-gesellschaft.de\/nlg\/beitraege\/feridun-zaimoglu-biografisches-von-magdalen-frank\/\">Feridun Zaimoglu \u2013 Biografisches<\/a><br><em>(Magdalen Frank)<\/em><\/p>\n\n\n\n<p><a href=\"https:\/\/www.nibelungenlied-gesellschaft.de\/nlg\/beitraege\/siegfrieds-tod-in-ausgewaehlten-nibelungenliedern-der-gegenwart\/\">Siegfrieds Tod in ausgew\u00e4hlten Nibelungenliedern der Gegenwart<\/a><br><em>(Dr. Nadine Hufnagel, Bayreuth)<\/em><\/p>\n\n\n\n<p><a href=\"http:\/\/nibelungenlied-gesellschaft.de\/03_beitrag\/mueller\/fs09_muel.html\">Das Siegfriedbild in Lodemanns Nibelungenroman von 2002<br><\/a><em>(Hans M\u00fcller)<\/em><\/p>\n\n\n\n<p><a href=\"http:\/\/nibelungenlied-gesellschaft.de\/03_beitrag\/schaefer\/fs07_uli.html\">Darf Brunhild Hagen lieben? Nibelungenlied-Bearbeitung bei Moritz Rinke<br><\/a><em>(Ulrike Sch\u00e4fer)<\/em><\/p>\n\n\n\n<p><a href=\"http:\/\/nibelungenlied-gesellschaft.de\/03_beitrag\/diekamp\/eisenwerth\/schmoll.html\">Die Nibelungenbilder des Karl Schmoll von Eisenwerth<br><\/a><em>(Dr. Busso Diekamp)<\/em><\/p>\n\n\n\n<p><a href=\"http:\/\/nibelungenlied-gesellschaft.de\/03_beitrag\/schnellb\/fs07_schn.html\">Die Nibelungenfresken des Schnorr von Carolsfeld<br><\/a><em>(Gernot Schnellbacher)<\/em><\/p>\n\n\n\n<p><a href=\"http:\/\/nibelungenlied-gesellschaft.de\/03_beitrag\/schnellb\/fs14_schn.html\">Nibelungendarstellungen in der Nationalgalerie Berlin und am Marmorpalais Potsdam<br><\/a><em>(Gernot Schnellbacher)<\/em><\/p>\n\n\n\n<p><a href=\"http:\/\/nibelungenlied-gesellschaft.de\/03_beitrag\/gast\/schoeffl\/g-14_schoeffl.html\">Die Nibelungenfresken am Marmorpalais in Potsdam<br><\/a><em>(Rainer Sch\u00f6ffl)<\/em><\/p>\n\n\n\n<p><a href=\"http:\/\/nibelungenlied-gesellschaft.de\/03_beitrag\/diekamp\/nlg16_diekamp.html\">Siegfried und die Nibelungen in der Denkmalplastik<br>vom 19. Jahrhundert bis zum Ersten Weltkrieg<\/a><br><em>(Dr. Busso Diekamp)<\/em><\/p>\n\n\n\n<p><a href=\"http:\/\/nibelungenlied-gesellschaft.de\/03_beitrag\/diekamp\/nlg17_diekamp.html\">Siegfried und die Nibelungen in der Denkmalplastik<br>der Weimarer Republik und des \u201aDritten Reiches\u2018<\/a><br><em>(Dr.&nbsp;Busso Diekamp)<\/em><\/p>\n\n\n\n<p><a href=\"http:\/\/nibelungenlied-gesellschaft.de\/03_beitrag\/diekamp\/gross\/gross.html\">Die Nibelungenbilder des Hans Gro\u00df<br><\/a><em>(Dr. Busso Diekamp)<\/em><\/p>\n\n\n\n<p><a href=\"http:\/\/nibelungenlied-gesellschaft.de\/03_beitrag\/mueckain\/fs06_mueck.html\">Die Nibelungen \u2013 Pop und Kitsch<\/a><br><em>(Dr.&nbsp;Olaf M\u00fcckain)<\/em><\/p>\n","protected":false},"excerpt":{"rendered":"<p>Beitr\u00e4ge mit dem Schwerpunkt Nibelungenlied-Rezeption Die Nibelungenlied-Sammlung der Stadtbibliothek Worms(Dr. Busso Diekamp) Frauenbilder im Nibelungenlied und in den Wormser Festspielinszenierungen(Dr. Ellen Bender) Das Nibelungenlied und Europa(Volker Gall\u00e9) Die Geburtsstunde der Germanistik, das Nibelungenlied und Friedrich von der Hagen(Volker Gall\u00e9) Franz Joseph von Wocher und das Nibelungenlied(Rainer Sch\u00f6ffl) Fantasien von Germanen und Kelten Fouqu\u00e9s &#8222;Held des &#8230; <span class=\"more\"><a class=\"more-link\" href=\"https:\/\/www.nibelungenlied-gesellschaft.de\/nlg\/beitraege\/rezeption\/\">[Read more&#8230;]<\/a><\/span><\/p>\n","protected":false},"author":1,"featured_media":0,"parent":18,"menu_order":0,"comment_status":"closed","ping_status":"closed","template":"","meta":{"footnotes":""},"_links":{"self":[{"href":"https:\/\/www.nibelungenlied-gesellschaft.de\/nlg\/wp-json\/wp\/v2\/pages\/24"}],"collection":[{"href":"https:\/\/www.nibelungenlied-gesellschaft.de\/nlg\/wp-json\/wp\/v2\/pages"}],"about":[{"href":"https:\/\/www.nibelungenlied-gesellschaft.de\/nlg\/wp-json\/wp\/v2\/types\/page"}],"author":[{"embeddable":true,"href":"https:\/\/www.nibelungenlied-gesellschaft.de\/nlg\/wp-json\/wp\/v2\/users\/1"}],"replies":[{"embeddable":true,"href":"https:\/\/www.nibelungenlied-gesellschaft.de\/nlg\/wp-json\/wp\/v2\/comments?post=24"}],"version-history":[{"count":15,"href":"https:\/\/www.nibelungenlied-gesellschaft.de\/nlg\/wp-json\/wp\/v2\/pages\/24\/revisions"}],"predecessor-version":[{"id":484,"href":"https:\/\/www.nibelungenlied-gesellschaft.de\/nlg\/wp-json\/wp\/v2\/pages\/24\/revisions\/484"}],"up":[{"embeddable":true,"href":"https:\/\/www.nibelungenlied-gesellschaft.de\/nlg\/wp-json\/wp\/v2\/pages\/18"}],"wp:attachment":[{"href":"https:\/\/www.nibelungenlied-gesellschaft.de\/nlg\/wp-json\/wp\/v2\/media?parent=24"}],"curies":[{"name":"wp","href":"https:\/\/api.w.org\/{rel}","templated":true}]}}