{"id":2,"date":"2019-08-14T14:22:24","date_gmt":"2019-08-14T12:22:24","guid":{"rendered":"http:\/\/www.nibelungenlied-gesellschaft.de\/wordpress\/?page_id=2"},"modified":"2026-03-17T10:13:29","modified_gmt":"2026-03-17T09:13:29","slug":"der-rhein-in-der-nibelungensage","status":"publish","type":"page","link":"https:\/\/www.nibelungenlied-gesellschaft.de\/nlg\/","title":{"rendered":"&#8222;Die Nibelungen&#8220; im Museum Andreasstift"},"content":{"rendered":"\n<p><strong>Nach der Schlie\u00dfung des Nibelungenmuseums im April 2024 plant das Museum der Stadt Worms im Andreasstift die sukzessive Integrierung der Nibelungen-Thematik in sein k\u00fcnftiges Ausstellungs- und Vermittlungskonzept. <\/strong><\/p>\n\n\n\n<p><strong>Ab Sommer 2026 zeigt das Museum in einer Interimspr\u00e4sentation die vielschichtige Handlung des <em>Nibelungenlieds<\/em> in Wort und Bild und offeriert Basisinformationen zum Nibelungen-Stoff. Auf die in Worms angesiedelten Liedszenen wird dabei im Besonderen eingegangen.<\/strong><\/p>\n\n\n\n<hr class=\"wp-block-separator has-css-opacity\"\/>\n\n\n\n<h2 class=\"wp-block-heading\">Die Vortr\u00e4ge der Nibelungenlied-Gesellschaft im Rahmen der Nibelungen-Festspiele 2026<\/h2>\n\n\n\n<p>Moderation: Prof. Dr. Andrea Sieber (Universit\u00e4t Passau)<br><br>Wormser Kultur- und Tagungszentrums,<br>Liebfrauensaal, Rathenaustr. 11, jeweils um 18.00 Uhr<br>Der Eintritt ist frei<\/p>\n\n\n\n<p><\/p>\n\n\n\n<p><strong>Mittwoch, 22. Juli 2026<\/strong><\/p>\n\n\n\n<p><strong>Prof. Dr. Nine Miedema (Universit\u00e4t des Saarlandes)<\/strong><\/p>\n\n\n\n<p><strong>Kriemhild im <em>Nibelungenlied<\/em> \u2013 Rollen und Grenz\u00fcberschreitungen<\/strong><\/p>\n\n\n\n<p>Im mittelalterlichen <em>Nibelungenlied<\/em> pr\u00e4gt Kriemhild von der ersten bis zur letzten Aventiure das Geschehen. Ihr gegen\u00fcber stehen aber m\u00e4chtige m\u00e4nnliche Protagonisten. Dass das Epos keine psychologische Entwicklung Kriemhilds skizziert, erschwert die heutige Beurteilung ihrer Handlungsweise. Wie funktioniert das intrikate Spiel weiblicher und m\u00e4nnlicher Figurenrollen im Text? Wo\/wie veranlasst das Verhalten anderer Figuren Kriemhild zu Grenz\u00fcberschreitungen \u2013 die wiederum zu Grenz\u00fcberschreitungen seitens der m\u00e4nnlichen Figuren f\u00fchren?<\/p>\n\n\n\n<p><strong>Donnerstag, 23. Juli 2026<\/strong><\/p>\n\n\n\n<p><strong>Prof. Dr. Martin Baisch (Universit\u00e4t Hamburg)<\/strong><\/p>\n\n\n\n<p><strong>Zwischen Aneignung und Fremdheit. Kriemhild in neueren Rezeptionen des <em>Nibelungenliedes<\/em><\/strong><\/p>\n\n\n\n<p>Mit Ulrike Draesner und Felicitas Hoppe haben sich zwei der renommiertesten Autorinnen der deutschen Gegenwartsliteratur j\u00fcngst mit dem <em>Nibelungen<\/em>-Stoff auseinandergesetzt. W\u00e4hrend Draesner 2016 f\u00fcr ihre Rezeption unter dem Titel <em>Nibelungen. Heimsuchung<\/em> die Form lyrischen Sprechens w\u00e4hlte, hat Hoppe 2021 f\u00fcr ihre Adaption\u00a0die Romanform gew\u00e4hlt. Der Vortrag untersucht, wie beide Autorinnen die Figur Kriemhild auffassen und je unterschiedlich f\u00fcr eine heutige Rezeption formen.<\/p>\n\n\n\n<p><strong>Mittwoch, 29. Juli 2026<\/strong><\/p>\n\n\n\n<p><strong>Dr. Lea Braun (Humboldt Universit\u00e4t zu Berlin)<\/strong><\/p>\n\n\n\n<p><strong>Im Netz der Zukunft. Kriemhild als Objekt und Agentin von Voraussagen<\/strong><\/p>\n\n\n\n<p>Das <em>Nibelungenlied<\/em> ist ein zukunftslastiger Text. Von der ersten Strophe an liegt der kommende Untergang wie ein Schatten \u00fcber den Geschehnissen. Neben den Voraussagen des Erz\u00e4hlers wird die Zukunft in Tr\u00e4umen und Prophezeiungen thematisiert, die teils handlungsbestimmend sind, teils wirkungslos bleiben. Kriemhild steht dabei im Zentrum: als Objekt der Voraussagen, als Wahrheitssuchende und als aktiv Handelnde. Der Vortrag untersucht Deutung, Manipulation und Abwehr von Voraussagen im Hinblick auf Kriemhilds Rolle.<\/p>\n\n\n\n<p><strong>Donnerstag, 30. Juli 2026<\/strong><\/p>\n\n\n\n<p><strong>Dr. Detlef Goller (Otto-Friedrich-Universit\u00e4t Bamberg)<\/strong><\/p>\n\n\n\n<p><strong>Alternativlos? Kriemhild bei den Hunnen<\/strong><\/p>\n\n\n\n<p>Jan-Dirk M\u00fcller beschreibt das <em>Nibelungenlied<\/em> als von einer \u201ePoetik der abgewiesenen Alternative\u201c gepr\u00e4gt. Dies gilt in besonderer Weise f\u00fcr Kriemhilds Weg im zweiten Teil des Epos. Welche Handlungsoptionen werden im Text \u00fcberhaupt entworfen? Gibt es M\u00f6glichkeiten, den Untergang aufzuhalten \u2013 oder wird er als alternativlos erz\u00e4hlt? Der Vortrag geht diesen und anderen Fragen anhand der Kriemhildfigur im <em>Nibelungenlied<\/em> und in ausgew\u00e4hlten Rezeptionen nach.<\/p>\n\n\n\n<p><br><a href=\"https:\/\/www.nibelungenlied-gesellschaft.de\/nlg\/aeltere-veranstaltungen\/\" data-type=\"page\" data-id=\"261\">\u00c4ltere Veranstaltungen<\/a><\/p>\n\n\n\n<hr class=\"wp-block-separator has-css-opacity\"\/>\n\n\n\n<div style=\"height:20px\" aria-hidden=\"true\" class=\"wp-block-spacer\"><\/div>\n\n\n\n<h2 class=\"wp-block-heading\" id=\"die-welt-der-nibelungen\">Die Welt der Nibelungen<\/h2>\n\n\n\n<h3 class=\"wp-block-heading\" id=\"auf-schatzsuche-mit-der-badischen-landesbibliothek\">Auf Schatzsuche mit der Badischen Landesbibliothek<\/h3>\n\n\n\n<p>Das Nibelungenlied geh\u00f6rt zu den ber\u00fchmtesten Werken der Weltliteratur. Fast jeder hat schon einmal von Siegfrieds Kampf mit dem Drachen oder von Richard Wagners Opernzyklus geh\u00f6rt. Mit der \u00e4ltesten und bedeutendsten Handschrift des Nibelungenliedes bewahrt die Badische Landesbibliothek in Karlsruhe einen Schatz, so wertvoll wie der Hort der Nibelungen selbst. Als Fenster zur Vergangenheit erm\u00f6glicht uns die Handschrift aus dem 13. Jahrhundert einen Einblick in die Lebenswelt des Mittelalters \u2013 und ihre Lekt\u00fcre verr\u00e4t uns, was die Menschen bis heute an der Geschichte Siegfrieds und Kriemhilds fasziniert.<\/p>\n\n\n\n<p><a href=\"https:\/\/ausstellungen.deutsche-digitale-bibliothek.de\/blb-nibelungen\/\" data-type=\"URL\" data-id=\"https:\/\/ausstellungen.deutsche-digitale-bibliothek.de\/blb-nibelungen\/\" target=\"_blank\" rel=\"noreferrer noopener\">Virtuelle Ausstellung der Badischen Landesbibliothek Karlsruhe<\/a><\/p>\n\n\n\n<figure class=\"wp-block-image size-large\"><img decoding=\"async\" loading=\"lazy\" width=\"980\" height=\"489\" src=\"https:\/\/www.nibelungenlied-gesellschaft.de\/nlg\/wp-content\/uploads\/2021\/05\/nibelungen_badisches-landesmuseum-karlsruhe.jpg\" alt=\"\" class=\"wp-image-247\" srcset=\"https:\/\/www.nibelungenlied-gesellschaft.de\/nlg\/wp-content\/uploads\/2021\/05\/nibelungen_badisches-landesmuseum-karlsruhe.jpg 980w, https:\/\/www.nibelungenlied-gesellschaft.de\/nlg\/wp-content\/uploads\/2021\/05\/nibelungen_badisches-landesmuseum-karlsruhe-300x150.jpg 300w, https:\/\/www.nibelungenlied-gesellschaft.de\/nlg\/wp-content\/uploads\/2021\/05\/nibelungen_badisches-landesmuseum-karlsruhe-768x383.jpg 768w\" sizes=\"(max-width: 980px) 100vw, 980px\" \/><\/figure>\n\n\n\n<p><\/p>\n\n\n\n<hr class=\"wp-block-separator has-css-opacity\"\/>\n\n\n\n<div style=\"height:20px\" aria-hidden=\"true\" class=\"wp-block-spacer\"><\/div>\n\n\n\n<h2 class=\"wp-block-heading\" id=\"uns-ist-in-alten-maeren-wunders-vil-geseit\">\u201eUns ist in alten m\u00e6ren wunders vil geseit\u201c<\/h2>\n\n\n\n<p> So schrieb um 1200 ein gro\u00dfer Dichter des Mittelalters das Nibelungenlied und siedelte es in der damals historisch bedeutenden Stadt Worms am Rhein an.<\/p>\n\n\n\n<p><strong>Interessieren Sie sich f\u00fcr die Nibelungen?<\/strong><\/p>\n\n\n\n<p>1998 wurde die Nibelungenlied-Gesellschaft Worms e.V. aus der Taufe gehoben. Die literarische Gesellschaft hat sich die Erforschung und F\u00f6rderung des Nibelungenliedes und verwandter Stoffe der europ\u00e4ischen Literatur zur Aufgabe gestellt.<\/p>\n\n\n\n<p><strong>Die Pl\u00e4ne und Arbeitsziele der Nibelungenlied-Gesellschaft:<\/strong><\/p>\n\n\n\n<ul>\n  <li>Wissenschaftliche Besch\u00e4ftigung mit Text, Stoff, Rezeption und historischem\nUmfeld des Nibelungenlieds<\/li>\t\t\n  <li>Planung und Durchf\u00fchrung von Veranstaltungen wie Symposien, Lesungen,\nTheaterauff\u00fchrungen, Konzerten etc.<\/li>\n  <li>Herausgabe von Publikationen<\/li>\n  <li>Aufbau und Betreuung einer stoffbezogenen Erlebniskultur in Worms<\/li>\n  <li>F\u00f6rderung von Nibelungenmuseum und Nibelungenfestspielen<\/li>\n  <li>Koordination von stoffbezogenen B\u00fcrgerinitiativen<\/li>\n  <li>Aufkl\u00e4rung \u00fcber den politischen Missbrauch des Nibelungenstoffes sowie der gesamten germanischen und mittelalterlichen \u00dcberlieferung durch nationalistische, nationalsozialistische und neonazistischen bzw. rechtsextreme Propaganda.<\/li>\n<\/ul>\n\n\n\n<p><a href=\"https:\/\/www.nibelungenlied-gesellschaft.de\/nlg\/kontakt\/mitgliedschaft\/\">Hier k\u00f6nnen Sie dem Verein beitreten<\/a><br><br><a href=\"http:\/\/www.nibelungenlied-gesellschaft.de\/03_beitrag\/english\/english.html\">Introduction in English (Worms and the Nibelungenlied)<\/a> <\/p>\n","protected":false},"excerpt":{"rendered":"<p>Ensemble wundersvil und Duo Wormez. Foto: Ralf Hartig<\/p>\n","protected":false},"author":1,"featured_media":916,"parent":0,"menu_order":0,"comment_status":"closed","ping_status":"closed","template":"page-full-width.php","meta":{"footnotes":""},"_links":{"self":[{"href":"https:\/\/www.nibelungenlied-gesellschaft.de\/nlg\/wp-json\/wp\/v2\/pages\/2"}],"collection":[{"href":"https:\/\/www.nibelungenlied-gesellschaft.de\/nlg\/wp-json\/wp\/v2\/pages"}],"about":[{"href":"https:\/\/www.nibelungenlied-gesellschaft.de\/nlg\/wp-json\/wp\/v2\/types\/page"}],"author":[{"embeddable":true,"href":"https:\/\/www.nibelungenlied-gesellschaft.de\/nlg\/wp-json\/wp\/v2\/users\/1"}],"replies":[{"embeddable":true,"href":"https:\/\/www.nibelungenlied-gesellschaft.de\/nlg\/wp-json\/wp\/v2\/comments?post=2"}],"version-history":[{"count":80,"href":"https:\/\/www.nibelungenlied-gesellschaft.de\/nlg\/wp-json\/wp\/v2\/pages\/2\/revisions"}],"predecessor-version":[{"id":930,"href":"https:\/\/www.nibelungenlied-gesellschaft.de\/nlg\/wp-json\/wp\/v2\/pages\/2\/revisions\/930"}],"wp:featuredmedia":[{"embeddable":true,"href":"https:\/\/www.nibelungenlied-gesellschaft.de\/nlg\/wp-json\/wp\/v2\/media\/916"}],"wp:attachment":[{"href":"https:\/\/www.nibelungenlied-gesellschaft.de\/nlg\/wp-json\/wp\/v2\/media?parent=2"}],"curies":[{"name":"wp","href":"https:\/\/api.w.org\/{rel}","templated":true}]}}